{"id":702,"date":"2022-11-17T17:55:32","date_gmt":"2022-11-17T15:55:32","guid":{"rendered":"https:\/\/clairessweetbowtique.com\/?post_type=product&#038;p=702"},"modified":"2024-10-03T16:20:11","modified_gmt":"2024-10-03T14:20:11","slug":"angelica","status":"publish","type":"product","link":"https:\/\/clairessweetbowtique.com\/index.php\/tuote\/angelica\/","title":{"rendered":"Angelica"},"content":{"rendered":"<p>T\u00e4m\u00e4 on kaunis geometrinen kuutio korvakorut. Sis\u00e4ll\u00e4 on aitoja kuivattuja Harsokukkia, jossa on 925 aitoa hopeaa roikkuvana korvakoruna.<br \/>\nKorvakorut ovat kevyit\u00e4 ja mukavia k\u00e4ytt\u00e4\u00e4.<\/p>\n<p>Paino on 2 g kutakin korvakorua<br \/>\nKorvakorun koko on 4,5 cm pitk\u00e4<br \/>\nKuution korkeus on 1.3cm<\/p>\n<p>ENG<\/p>\n<p>This is a beautiful geometric cube earring. Inside are authentic dried Baby&#8217;s Breath flowers with 925 real silver hanging earrings.<br \/>\nEarrings are lightweight and comfortable to wear.<\/p>\n<p>Weight is 2g each earring<br \/>\nEarring size is 4.5cm long<br \/>\nCube height is 1.3cm<\/p>\n","protected":false},"excerpt":{"rendered":"<p>Harsokukka symboloi puhtautta, vilpitt\u00f6myytt\u00e4, rakkautta, my\u00f6t\u00e4tuntoa, luottamusta, ikuista rakkautta, viattomuutta ja romantiikkaa. Kukkia k\u00e4ytet\u00e4\u00e4n perinteisesti usein erityistilaisuuksissa, kuten h\u00e4iss\u00e4 ja vuosip\u00e4iv\u00e4ss\u00e4. T\u00e4ydellinen lahja rakkaillesi tai ihana herkku itsellesi.<\/p>\n<p>ENG<\/p>\n<p>Baby\u2019s breath symbolizes Purity, Sincerity, Love, Compassion, Trust, Everlasting Love, Innocence, and Romance. The flowers are traditionally often use on special occasions such as wedding and anniversary. Perfect gift for your loved ones or a lovely treat for yourself.<\/p>\n","protected":false},"featured_media":0,"template":"","meta":[],"product_brand":[],"product_cat":[34],"product_tag":[],"class_list":{"0":"post-702","1":"product","2":"type-product","3":"status-publish","5":"product_cat-925-sterling-silver-jewellery","7":"first","8":"outofstock","9":"taxable","10":"shipping-taxable","11":"purchasable","12":"product-type-simple"},"_links":{"self":[{"href":"https:\/\/clairessweetbowtique.com\/index.php\/wp-json\/wp\/v2\/product\/702","targetHints":{"allow":["GET"]}}],"collection":[{"href":"https:\/\/clairessweetbowtique.com\/index.php\/wp-json\/wp\/v2\/product"}],"about":[{"href":"https:\/\/clairessweetbowtique.com\/index.php\/wp-json\/wp\/v2\/types\/product"}],"wp:attachment":[{"href":"https:\/\/clairessweetbowtique.com\/index.php\/wp-json\/wp\/v2\/media?parent=702"}],"wp:term":[{"taxonomy":"product_brand","embeddable":true,"href":"https:\/\/clairessweetbowtique.com\/index.php\/wp-json\/wp\/v2\/product_brand?post=702"},{"taxonomy":"product_cat","embeddable":true,"href":"https:\/\/clairessweetbowtique.com\/index.php\/wp-json\/wp\/v2\/product_cat?post=702"},{"taxonomy":"product_tag","embeddable":true,"href":"https:\/\/clairessweetbowtique.com\/index.php\/wp-json\/wp\/v2\/product_tag?post=702"}],"curies":[{"name":"wp","href":"https:\/\/api.w.org\/{rel}","templated":true}]}}