{"id":733,"date":"2023-02-10T18:29:08","date_gmt":"2023-02-10T16:29:08","guid":{"rendered":"https:\/\/clairessweetbowtique.com\/?post_type=product&#038;p=733"},"modified":"2023-09-04T11:34:23","modified_gmt":"2023-09-04T09:34:23","slug":"darlie","status":"publish","type":"product","link":"https:\/\/clairessweetbowtique.com\/index.php\/tuote\/darlie\/","title":{"rendered":"Darlie"},"content":{"rendered":"<p>S\u00f6p\u00f6t p\u00e4iv\u00e4nkakkarat ikuistettuna kirkkaassa korkealaatuisessa hartsissa. Parin kukat eiv\u00e4t ole identtisi\u00e4, koska ne kaikki ovat luonnon luomia ja t\u00e4m\u00e4 tarkoittaa, ett\u00e4 jokainen kukka on ainutlaatuinen.<\/p>\n<p>Materiaali: Korvakorunastat on valmistettu ruostumattomasta ter\u00e4ksest\u00e4 304.<\/p>\n<p>Saatavana my\u00f6s aidolla hopeanastalla.<\/p>\n<p style=\"text-align: center\">Eng<\/p>\n<p>Cute daisies preserved in clear high-quality resin. Flowers in a pair will not be identical as they are all created by nature and this means that every flower piece is a true one of a kind.<\/p>\n<p>Material: Earring studs are made from Stainless Steel 304.<br \/>\nAvailable also for Sterling Silver stud.<\/p>\n","protected":false},"excerpt":{"rendered":"<p>H\u00e4n rakastaa minua, h\u00e4n ei rakasta minua on ranskalaista alkuper\u00e4\u00e4 oleva peli, jossa yksi henkil\u00f6 pyrkii selvitt\u00e4m\u00e4\u00e4n, palauttaako heid\u00e4n kiintymyksens\u00e4 kohde t\u00e4m\u00e4n kiintymyksen. P\u00e4iv\u00e4nkakkara tunnetaan rakkauden ja kauneuden jumalattaren pyh\u00e4n\u00e4 kukkana.<\/p>\n<p>Kaunis pari syd\u00e4menmuotoisia p\u00e4iv\u00e4nkakkarakorvakoruja, jotka ovat loistava lahja jollekin, joka rakastaa pysy\u00e4 l\u00e4hell\u00e4 luontoa, ja t\u00e4ydellinen harkittu lahja jokaiselle kukkien yst\u00e4v\u00e4lle.<\/p>\n<p style=\"text-align: center\">Eng<\/p>\n<p>He loves me, he loves me not or She loves me, she loves me not is a game of French origin, in which one person seeks to determine whether the object of their affection returns that affection. Daisy is known as the sacred flower for the goddess of love, and beauty.<\/p>\n<p>A beautiful pair of daisy heart shape earrings that will make a great gift for someone who loves to stay close to nature and a perfect thoughtful gift for any flower lover.<\/p>\n","protected":false},"featured_media":737,"template":"","meta":[],"product_brand":[],"product_cat":[30],"product_tag":[],"class_list":{"0":"post-733","1":"product","2":"type-product","3":"status-publish","4":"has-post-thumbnail","6":"product_cat-resin-jewellery","8":"first","9":"instock","10":"taxable","11":"shipping-taxable","12":"purchasable","13":"product-type-variable"},"_links":{"self":[{"href":"https:\/\/clairessweetbowtique.com\/index.php\/wp-json\/wp\/v2\/product\/733","targetHints":{"allow":["GET"]}}],"collection":[{"href":"https:\/\/clairessweetbowtique.com\/index.php\/wp-json\/wp\/v2\/product"}],"about":[{"href":"https:\/\/clairessweetbowtique.com\/index.php\/wp-json\/wp\/v2\/types\/product"}],"wp:featuredmedia":[{"embeddable":true,"href":"https:\/\/clairessweetbowtique.com\/index.php\/wp-json\/wp\/v2\/media\/737"}],"wp:attachment":[{"href":"https:\/\/clairessweetbowtique.com\/index.php\/wp-json\/wp\/v2\/media?parent=733"}],"wp:term":[{"taxonomy":"product_brand","embeddable":true,"href":"https:\/\/clairessweetbowtique.com\/index.php\/wp-json\/wp\/v2\/product_brand?post=733"},{"taxonomy":"product_cat","embeddable":true,"href":"https:\/\/clairessweetbowtique.com\/index.php\/wp-json\/wp\/v2\/product_cat?post=733"},{"taxonomy":"product_tag","embeddable":true,"href":"https:\/\/clairessweetbowtique.com\/index.php\/wp-json\/wp\/v2\/product_tag?post=733"}],"curies":[{"name":"wp","href":"https:\/\/api.w.org\/{rel}","templated":true}]}}