{"id":764,"date":"2023-09-02T11:50:47","date_gmt":"2023-09-02T09:50:47","guid":{"rendered":"https:\/\/clairessweetbowtique.com\/?post_type=product&#038;p=764"},"modified":"2023-09-04T11:33:46","modified_gmt":"2023-09-04T09:33:46","slug":"tiffany","status":"publish","type":"product","link":"https:\/\/clairessweetbowtique.com\/index.php\/tuote\/tiffany\/","title":{"rendered":"Tiffany"},"content":{"rendered":"<p>Paino 3g yksi korvakoru. Kukkana Lemmikki, joka on ikuistettu hartsiin helmi\u00e4ispigmentin kanssa. Koukku on hypoallergeenist\u00e4 ruostumatonta ter\u00e4st\u00e4, paksuus 2mm ja koko 16mm.<\/p>\n<p style=\"text-align: center\">Eng<\/p>\n<p>This is a beautiful mini flower charm earrings, with real dried forget me not flowers. Charm are made from clear resin with a shade of white pearl pigment at the back.<\/p>\n<p>The hook is made from hypoallergenic stainless steel\u00a0 diameter 2mm wire and size 16mm.<\/p>\n<p>Weight is 3g each earrings<\/p>\n<p>These adorable mini flower hoop earrings are a perfect additional to any outfit.<\/p>\n<div class=\"woocommerce-product-details__short-description\">\n<p>&nbsp;<\/p>\n<\/div>\n<p>&nbsp;<\/p>\n","protected":false},"excerpt":{"rendered":"<div class=\"woocommerce-product-details__short-description\">\n<div class=\"woocommerce-product-details__short-description\">\n<p>Korvakorut ovat kevyit\u00e4 ja mukavia k\u00e4ytt\u00e4\u00e4. Sininen Lemmikki tuo esille, kuinka kauniita kukat ovatkaan. T\u00e4ydellinen lahja rakkaillesi tai ihana aarre\u00a0 itsellesi.<\/p>\n<p>Lemmikki symboloi rakkautta, yst\u00e4vyytt\u00e4 ja muistoja. T\u00e4ydellinen lahja itsellesi ja rakkaillesi. Aidosti merkityksellinen lahja aarteeksi ikuisesti.<\/p>\n<\/div>\n<p style=\"text-align: center\">Eng<\/p>\n<p>The blue forget me not really shows how beautiful the flowers are.<br \/>\nForget me not symbolized love, friendship and memories. Perfect gifts for yourself and loved ones. A real meaningful gift to treasure forever.<\/p>\n<\/div>\n<p>&nbsp;<\/p>\n","protected":false},"featured_media":770,"template":"","meta":[],"product_brand":[],"product_cat":[30],"product_tag":[],"class_list":{"0":"post-764","1":"product","2":"type-product","3":"status-publish","4":"has-post-thumbnail","6":"product_cat-resin-jewellery","8":"first","9":"instock","10":"taxable","11":"shipping-taxable","12":"purchasable","13":"product-type-simple"},"_links":{"self":[{"href":"https:\/\/clairessweetbowtique.com\/index.php\/wp-json\/wp\/v2\/product\/764","targetHints":{"allow":["GET"]}}],"collection":[{"href":"https:\/\/clairessweetbowtique.com\/index.php\/wp-json\/wp\/v2\/product"}],"about":[{"href":"https:\/\/clairessweetbowtique.com\/index.php\/wp-json\/wp\/v2\/types\/product"}],"wp:featuredmedia":[{"embeddable":true,"href":"https:\/\/clairessweetbowtique.com\/index.php\/wp-json\/wp\/v2\/media\/770"}],"wp:attachment":[{"href":"https:\/\/clairessweetbowtique.com\/index.php\/wp-json\/wp\/v2\/media?parent=764"}],"wp:term":[{"taxonomy":"product_brand","embeddable":true,"href":"https:\/\/clairessweetbowtique.com\/index.php\/wp-json\/wp\/v2\/product_brand?post=764"},{"taxonomy":"product_cat","embeddable":true,"href":"https:\/\/clairessweetbowtique.com\/index.php\/wp-json\/wp\/v2\/product_cat?post=764"},{"taxonomy":"product_tag","embeddable":true,"href":"https:\/\/clairessweetbowtique.com\/index.php\/wp-json\/wp\/v2\/product_tag?post=764"}],"curies":[{"name":"wp","href":"https:\/\/api.w.org\/{rel}","templated":true}]}}