{"id":774,"date":"2023-09-04T11:22:41","date_gmt":"2023-09-04T09:22:41","guid":{"rendered":"https:\/\/clairessweetbowtique.com\/?post_type=product&#038;p=774"},"modified":"2023-09-04T11:46:17","modified_gmt":"2023-09-04T09:46:17","slug":"aleanor","status":"publish","type":"product","link":"https:\/\/clairessweetbowtique.com\/index.php\/tuote\/aleanor\/","title":{"rendered":"Aleanor"},"content":{"rendered":"<p>Kauniit hartsista valmistetut korvakorut, jotka on t\u00e4ytetty oikeilla puristetuilla Niittyleinikki-kukilla. Dangle korvakorut (French Earring Hooks Wire) on valmistettu hypoallergeenisesta ruostumattomasta ter\u00e4ksest\u00e4. N\u00e4m\u00e4 korvakorut ovat kevyit\u00e4 ja mukavia k\u00e4ytt\u00e4\u00e4. Paino 3g yksi korvakoru<\/p>\n<p style=\"text-align: center\">Eng<\/p>\n<p>Beautiful earrings made of resin and filled with real-pressed Buttercup flower. Dangle earrings (French Earring Hooks Wire) are made of hypoallergenic stainless steel. These earrings are lightweight and comfortable to wear. Weight is 3g each earrings<\/p>\n<p>Due to the nature of flowers, no pair of earrings will ever exactly the same, so your pair of earrings will be completely unique.<\/p>\n","protected":false},"excerpt":{"rendered":"<p>Niittyleinikki sympoloi mm. rakkautta, yst\u00e4vyytt\u00e4, poisitiivisuutta, nuoruutta ja hyv\u00e4\u00e4 terveytt\u00e4. T\u00e4st\u00e4 johtuen, ne sopivat loistavasti erilaisiin ilioisiin tapahtumiin ja juhliin.<\/p>\n<p style=\"text-align: center\">Eng<\/p>\n<p>They Buttercup flower symbolize including love, friendship, positivity, youthfulness and good health.\u00a0 As a result, they make excellent gifts for various happy occasions and celebrations.<\/p>\n<p>&nbsp;<\/p>\n","protected":false},"featured_media":767,"template":"","meta":[],"product_brand":[],"product_cat":[30],"product_tag":[],"class_list":{"0":"post-774","1":"product","2":"type-product","3":"status-publish","4":"has-post-thumbnail","6":"product_cat-resin-jewellery","8":"first","9":"instock","10":"taxable","11":"shipping-taxable","12":"purchasable","13":"product-type-simple"},"_links":{"self":[{"href":"https:\/\/clairessweetbowtique.com\/index.php\/wp-json\/wp\/v2\/product\/774","targetHints":{"allow":["GET"]}}],"collection":[{"href":"https:\/\/clairessweetbowtique.com\/index.php\/wp-json\/wp\/v2\/product"}],"about":[{"href":"https:\/\/clairessweetbowtique.com\/index.php\/wp-json\/wp\/v2\/types\/product"}],"wp:featuredmedia":[{"embeddable":true,"href":"https:\/\/clairessweetbowtique.com\/index.php\/wp-json\/wp\/v2\/media\/767"}],"wp:attachment":[{"href":"https:\/\/clairessweetbowtique.com\/index.php\/wp-json\/wp\/v2\/media?parent=774"}],"wp:term":[{"taxonomy":"product_brand","embeddable":true,"href":"https:\/\/clairessweetbowtique.com\/index.php\/wp-json\/wp\/v2\/product_brand?post=774"},{"taxonomy":"product_cat","embeddable":true,"href":"https:\/\/clairessweetbowtique.com\/index.php\/wp-json\/wp\/v2\/product_cat?post=774"},{"taxonomy":"product_tag","embeddable":true,"href":"https:\/\/clairessweetbowtique.com\/index.php\/wp-json\/wp\/v2\/product_tag?post=774"}],"curies":[{"name":"wp","href":"https:\/\/api.w.org\/{rel}","templated":true}]}}