{"id":776,"date":"2023-09-04T11:23:01","date_gmt":"2023-09-04T09:23:01","guid":{"rendered":"https:\/\/clairessweetbowtique.com\/?post_type=product&#038;p=776"},"modified":"2023-09-04T11:40:51","modified_gmt":"2023-09-04T09:40:51","slug":"bianca","status":"publish","type":"product","link":"https:\/\/clairessweetbowtique.com\/index.php\/tuote\/bianca\/","title":{"rendered":"BIANCA"},"content":{"rendered":"<p>Elegant Niittyleinikki-kukilla kirkkaassa korkealaatuisessa hartsissa. Parin kukat eiv\u00e4t ole identtisi\u00e4, koska ne kaikki ovat luonnon luomia ja t\u00e4m\u00e4 tarkoittaa, ett\u00e4 jokainen kukka on ainutlaatuinen.<\/p>\n<p>Materiaali: Korvakorunastat on valmistettu ruostumattomasta ter\u00e4ksest\u00e4 304.<\/p>\n<p>Saatavana my\u00f6s aidolla hopeanastalla.<\/p>\n<p>Paino 2g yksi korvakoru<\/p>\n<p>Eng<\/p>\n<p>Elegant Buttercup flower preserved in clear high-quality resin. Flowers in a pair will not be identical as they are all created by nature and this means that every flower piece is a true one of a kind.<\/p>\n<p>Material: Earring studs are made from Stainless Steel 304.<br \/>\nAvailable also for Sterling Silver stud.<\/p>\n<p>Weight is 2g each earrings<\/p>\n","protected":false},"excerpt":{"rendered":"<p>Niittyleinikki sympoloi mm. rakkautta, yst\u00e4vyytt\u00e4, poisitiivisuutta, nuoruutta ja hyv\u00e4\u00e4 terveytt\u00e4. T\u00e4st\u00e4 johtuen, ne sopivat loistavasti erilaisiin ilioisiin tapahtumiin ja juhliin.<\/p>\n<p style=\"text-align: center\">Eng<\/p>\n<p>They Buttercup flower symbolize including love, friendship, positivity, youthfulness and good health.\u00a0 As a result, they make excellent gifts for various happy occasions and celebrations.<\/p>\n","protected":false},"featured_media":779,"template":"","meta":[],"product_brand":[],"product_cat":[30],"product_tag":[],"class_list":{"0":"post-776","1":"product","2":"type-product","3":"status-publish","4":"has-post-thumbnail","6":"product_cat-resin-jewellery","8":"first","9":"instock","10":"taxable","11":"shipping-taxable","12":"purchasable","13":"product-type-simple"},"_links":{"self":[{"href":"https:\/\/clairessweetbowtique.com\/index.php\/wp-json\/wp\/v2\/product\/776","targetHints":{"allow":["GET"]}}],"collection":[{"href":"https:\/\/clairessweetbowtique.com\/index.php\/wp-json\/wp\/v2\/product"}],"about":[{"href":"https:\/\/clairessweetbowtique.com\/index.php\/wp-json\/wp\/v2\/types\/product"}],"wp:featuredmedia":[{"embeddable":true,"href":"https:\/\/clairessweetbowtique.com\/index.php\/wp-json\/wp\/v2\/media\/779"}],"wp:attachment":[{"href":"https:\/\/clairessweetbowtique.com\/index.php\/wp-json\/wp\/v2\/media?parent=776"}],"wp:term":[{"taxonomy":"product_brand","embeddable":true,"href":"https:\/\/clairessweetbowtique.com\/index.php\/wp-json\/wp\/v2\/product_brand?post=776"},{"taxonomy":"product_cat","embeddable":true,"href":"https:\/\/clairessweetbowtique.com\/index.php\/wp-json\/wp\/v2\/product_cat?post=776"},{"taxonomy":"product_tag","embeddable":true,"href":"https:\/\/clairessweetbowtique.com\/index.php\/wp-json\/wp\/v2\/product_tag?post=776"}],"curies":[{"name":"wp","href":"https:\/\/api.w.org\/{rel}","templated":true}]}}