{"id":780,"date":"2023-09-04T11:23:48","date_gmt":"2023-09-04T09:23:48","guid":{"rendered":"https:\/\/clairessweetbowtique.com\/?post_type=product&#038;p=780"},"modified":"2023-09-04T16:38:10","modified_gmt":"2023-09-04T14:38:10","slug":"thea","status":"publish","type":"product","link":"https:\/\/clairessweetbowtique.com\/index.php\/tuote\/thea\/","title":{"rendered":"THEA"},"content":{"rendered":"<p>Paino 3g yksi korvakoru. Kukkana orvokki joka on ikuistettu hartsiin helmi\u00e4ispigmentin kanssa. Koukku on hypoallergeenist\u00e4 ruostumatonta ter\u00e4st\u00e4, paksuus 2mm ja koko 16mm.<\/p>\n<p style=\"text-align: center;\">Eng<\/p>\n<p>This is a beautiful mini flower charm earrings, with real dried pansy petals. Charm are made from clear resin with a shade of white pearl pigment at the back.<\/p>\n<p>The hook is made from hypoallergenic stainless steel\u00a0 diameter 2mm wire and size 16mm.<\/p>\n<p>Weight is 3g each earrings<\/p>\n<p>These adorable mini flower hoop earrings are a perfect additional to any outfit.<\/p>\n","protected":false},"excerpt":{"rendered":"<p>Orvokkia on useimmiten pidetty kuvastamaan rakkautta. Orvokin voi antaa l\u00e4hes kenelle tahansa, joka on l\u00e4hell\u00e4 syd\u00e4nt\u00e4si. Ideaali lahja \u00e4idille, kumppanille tai yst\u00e4v\u00e4lle. Se symboloi parhaiten l\u00e4himm\u00e4isen rakkautta.<\/p>\n<p>Orvokkien kauneus on siin\u00e4, ett\u00e4 ne voidaan antaa milloin tahansa.<\/p>\n<p style=\"text-align: center;\">ENG<\/p>\n<p>Most often, pansies are used to symbolize loving feelings. You can give a pansy flower to just about anyone whom you hold dear to your heart. The ideal gift for a mother, partner, or friend, it is best used as a symbol of platonic love.<\/p>\n<p>The beauty of pansies lies in the fact is that they can be given on any occasion.<\/p>\n","protected":false},"featured_media":781,"template":"","meta":[],"product_brand":[],"product_cat":[30],"product_tag":[],"class_list":{"0":"post-780","1":"product","2":"type-product","3":"status-publish","4":"has-post-thumbnail","6":"product_cat-resin-jewellery","8":"first","9":"instock","10":"taxable","11":"shipping-taxable","12":"purchasable","13":"product-type-simple"},"_links":{"self":[{"href":"https:\/\/clairessweetbowtique.com\/index.php\/wp-json\/wp\/v2\/product\/780","targetHints":{"allow":["GET"]}}],"collection":[{"href":"https:\/\/clairessweetbowtique.com\/index.php\/wp-json\/wp\/v2\/product"}],"about":[{"href":"https:\/\/clairessweetbowtique.com\/index.php\/wp-json\/wp\/v2\/types\/product"}],"wp:featuredmedia":[{"embeddable":true,"href":"https:\/\/clairessweetbowtique.com\/index.php\/wp-json\/wp\/v2\/media\/781"}],"wp:attachment":[{"href":"https:\/\/clairessweetbowtique.com\/index.php\/wp-json\/wp\/v2\/media?parent=780"}],"wp:term":[{"taxonomy":"product_brand","embeddable":true,"href":"https:\/\/clairessweetbowtique.com\/index.php\/wp-json\/wp\/v2\/product_brand?post=780"},{"taxonomy":"product_cat","embeddable":true,"href":"https:\/\/clairessweetbowtique.com\/index.php\/wp-json\/wp\/v2\/product_cat?post=780"},{"taxonomy":"product_tag","embeddable":true,"href":"https:\/\/clairessweetbowtique.com\/index.php\/wp-json\/wp\/v2\/product_tag?post=780"}],"curies":[{"name":"wp","href":"https:\/\/api.w.org\/{rel}","templated":true}]}}