{"id":791,"date":"2023-09-08T16:07:40","date_gmt":"2023-09-08T14:07:40","guid":{"rendered":"https:\/\/clairessweetbowtique.com\/?post_type=product&#038;p=791"},"modified":"2023-09-08T16:07:40","modified_gmt":"2023-09-08T14:07:40","slug":"sena","status":"publish","type":"product","link":"https:\/\/clairessweetbowtique.com\/index.php\/tuote\/sena\/","title":{"rendered":"SENA"},"content":{"rendered":"<p>N\u00e4m\u00e4 korvakorut on valmistettu aidoista kuivatuista Lemmikki-kukista. Sinet\u00f6ity korkealaatuisella UV-hartsilla.<\/p>\n<p>Korvakorut on my\u00f6s valmistettu 925 aidosta hopeasta. Paino 2g yksi korvakorut. Korvakorut ovat kevyit\u00e4 ja mukavia k\u00e4ytt\u00e4\u00e4.<\/p>\n<p>Kukkien luonteen vuoksi yksik\u00e4\u00e4n korvakorupari ei ole koskaan t\u00e4ysin samanlainen, joten korvakoruparistasi tulee t\u00e4ysin ainutlaatuinen.<\/p>\n<p style=\"text-align: center\">Eng<\/p>\n<p>These earrings are made from pressed real dried Forget me not flowers. Sealed by highly quality UV Resin.<\/p>\n<p>Earrings are also made from 925 Sterling Silver.\u00a0 Weight is 2g each earrings. These earrings are lightweight and comfortable to wear.<\/p>\n<p>Due to the nature of flowers, no pair of earrings will ever exactly the same, so your pair of earrings will be completely unique.<\/p>\n","protected":false},"excerpt":{"rendered":"<p>Sininen Lemmikki tuo esille, kuinka kauniita kukat ovatkaan. T\u00e4ydellinen lahja rakkaillesi tai ihana aarre itsellesi.<\/p>\n<p>Lemmikki symboloi rakkautta, yst\u00e4vyytt\u00e4 ja muistoja. T\u00e4ydellinen lahja itsellesi ja rakkaillesi. Aidosti merkityksellinen lahja aarteeksi ikuisesti.<\/p>\n<p style=\"text-align: center\">Eng<\/p>\n<p>The blue forget me not really shows how beautiful the flowers are.<br \/>\nForget me not symbolized love, friendship and memories. Perfect gifts for yourself and loved ones. A real meaningful gift to treasure forever.<\/p>\n<p>&nbsp;<\/p>\n<p>&nbsp;<\/p>\n","protected":false},"featured_media":792,"template":"","meta":[],"product_brand":[],"product_cat":[30],"product_tag":[],"class_list":{"0":"post-791","1":"product","2":"type-product","3":"status-publish","4":"has-post-thumbnail","6":"product_cat-resin-jewellery","8":"first","9":"instock","10":"taxable","11":"shipping-taxable","12":"purchasable","13":"product-type-simple"},"_links":{"self":[{"href":"https:\/\/clairessweetbowtique.com\/index.php\/wp-json\/wp\/v2\/product\/791","targetHints":{"allow":["GET"]}}],"collection":[{"href":"https:\/\/clairessweetbowtique.com\/index.php\/wp-json\/wp\/v2\/product"}],"about":[{"href":"https:\/\/clairessweetbowtique.com\/index.php\/wp-json\/wp\/v2\/types\/product"}],"wp:featuredmedia":[{"embeddable":true,"href":"https:\/\/clairessweetbowtique.com\/index.php\/wp-json\/wp\/v2\/media\/792"}],"wp:attachment":[{"href":"https:\/\/clairessweetbowtique.com\/index.php\/wp-json\/wp\/v2\/media?parent=791"}],"wp:term":[{"taxonomy":"product_brand","embeddable":true,"href":"https:\/\/clairessweetbowtique.com\/index.php\/wp-json\/wp\/v2\/product_brand?post=791"},{"taxonomy":"product_cat","embeddable":true,"href":"https:\/\/clairessweetbowtique.com\/index.php\/wp-json\/wp\/v2\/product_cat?post=791"},{"taxonomy":"product_tag","embeddable":true,"href":"https:\/\/clairessweetbowtique.com\/index.php\/wp-json\/wp\/v2\/product_tag?post=791"}],"curies":[{"name":"wp","href":"https:\/\/api.w.org\/{rel}","templated":true}]}}